{"id":2,"date":"2016-05-10T03:48:21","date_gmt":"2016-05-10T03:48:21","guid":{"rendered":"http:\/\/kanzlei-mueller-planitz.de\/?page_id=2"},"modified":"2025-08-16T17:22:57","modified_gmt":"2025-08-16T17:22:57","slug":"sample-page","status":"publish","type":"page","link":"https:\/\/kanzlei-mueller-planitz.de\/","title":{"rendered":"Kanzlei f\u00fcr Wirtschaftsrecht &amp; Arbeitsrecht"},"content":{"rendered":"<\/p>\n\n\n<figure class=\"wp-block-image size-large\"><img loading=\"lazy\" decoding=\"async\" width=\"1024\" height=\"547\" src=\"http:\/\/kanzlei-mueller-planitz.de\/wp-content\/uploads\/2023\/01\/Screenshot-2023-01-24-125048-1024x547.png\" alt=\"\" class=\"wp-image-10\" srcset=\"https:\/\/kanzlei-mueller-planitz.de\/wp-content\/uploads\/2023\/01\/Screenshot-2023-01-24-125048-1024x547.png 1024w, https:\/\/kanzlei-mueller-planitz.de\/wp-content\/uploads\/2023\/01\/Screenshot-2023-01-24-125048-300x160.png 300w, https:\/\/kanzlei-mueller-planitz.de\/wp-content\/uploads\/2023\/01\/Screenshot-2023-01-24-125048-768x410.png 768w, https:\/\/kanzlei-mueller-planitz.de\/wp-content\/uploads\/2023\/01\/Screenshot-2023-01-24-125048-1536x820.png 1536w, https:\/\/kanzlei-mueller-planitz.de\/wp-content\/uploads\/2023\/01\/Screenshot-2023-01-24-125048-1568x837.png 1568w, https:\/\/kanzlei-mueller-planitz.de\/wp-content\/uploads\/2023\/01\/Screenshot-2023-01-24-125048.png 1735w\" sizes=\"auto, (max-width: 1024px) 100vw, 1024px\" \/><\/figure>\n\n\n\n<p>Es ist mir ein besonderes Anliegen, die Interessen meiner Mandanten gewissenhaft und engagiert wahrzunehmen. Dabei kann ich auf eine langj\u00e4hrige Erfahrung in der Beratung von Kaufleuten, mittelst\u00e4ndischen Unternehmen, Arbeitnehmern und Arbeitgebern, Betriebsr\u00e4ten, Gesch\u00e4ftsf\u00fchrern, Handelsvertretern und Versicherungsvertretern zur\u00fcckgreifen. Meine durch st\u00e4ndige Fachanwaltsfortbildungen vertieften Kenntnisse im Arbeitsrecht, Handelsrecht und Gesellschaftsrecht setze ich bei der gerichtlichen und au\u00dfergerichtlichen Vertretung Ihren W\u00fcnschen entsprechend zielgerichtet f\u00fcr Sie ein.<\/p>\n\n\n\n<h4 class=\"wp-block-heading\">Schwerpunkte meiner Beratungst\u00e4tigkeit<\/h4>\n\n\n\n<h5 class=\"wp-block-heading\">Arbeitsrecht<\/h5>\n\n\n\n<ul class=\"wp-block-list\">\n<li>Pr\u00fcfung und Erstellung von Arbeitsvertr\u00e4gen und Nebenvereinbarungen, Dienstvertr\u00e4gen und Gesch\u00e4ftsf\u00fchreranstellungsvertr\u00e4gen<\/li>\n\n\n\n<li>Abmahnungen<\/li>\n\n\n\n<li>Beendigung von Arbeitsverh\u00e4ltnissen mittels Aufhebungsvertr\u00e4gen und K\u00fcndigungen<\/li>\n\n\n\n<li>K\u00fcndigungsschutzverfahren<\/li>\n\n\n\n<li>Konkurrentenklagen<\/li>\n\n\n\n<li>Befristung von Arbeitsverh\u00e4ltnissen<\/li>\n\n\n\n<li>Schutz besonderer Personengruppen, insbesondere der Schwangeren, M\u00fctter, Schwerbehinderten, Auszubildenden und Betriebsr\u00e4te<\/li>\n\n\n\n<li>Tarifvertragsrecht, Personalvertretungsrecht, Betriebsverfassungsrecht (einschlie\u00dflich Verhandlungen mit Betriebsr\u00e4ten und Gewerkschaften)<\/li>\n\n\n\n<li>Gerichtliche und au\u00dfergerichtliche Vertretung in arbeitsrechtlichen Streitigkeiten, Vertretung in Einigungsstellen- und Beschlussverfahren aller Art<\/li>\n\n\n\n<li>Insolvenzarbeitsrecht<\/li>\n\n\n\n<li>Arbeitnehmerdatenschutz<\/li>\n\n\n\n<li>Zeugnisse<\/li>\n\n\n\n<li>Sozialversicherungsrecht<\/li>\n\n\n\n<li>Betriebliche Altersversorgung<\/li>\n<\/ul>\n\n\n\n<h5 class=\"wp-block-heading\">Handels- und Gesellschaftsrecht<\/h5>\n\n\n\n<ul class=\"wp-block-list\">\n<li>Gestaltung und Pr\u00fcfung von Vertr\u00e4gen aller Art im Gesellschaftsrecht und Wirtschaftsrecht<\/li>\n\n\n\n<li>Unternehmensgr\u00fcndung<\/li>\n\n\n\n<li>Rechte und Pflichten von Gesellschaftern und Gesch\u00e4ftsf\u00fchrern<\/li>\n\n\n\n<li>Gesch\u00e4ftsf\u00fchrerhaftung im Innen- und Au\u00dfenverh\u00e4ltnis &nbsp;<\/li>\n\n\n\n<li>Haftung der Gesellschaften und ihrer Gesellschafter<\/li>\n\n\n\n<li>Umwandlungsrecht<\/li>\n\n\n\n<li>Die Abwicklung bzw. Aufl\u00f6sung von Gesellschaften<\/li>\n\n\n\n<li>au\u00dfergerichtliche und gerichtliche Vertretung in handels- und gesellschaftsrechtliche Streitigkeiten &nbsp;&nbsp;<\/li>\n\n\n\n<li>Handelsgesch\u00e4fte, internationales Kaufrecht, UN-Kaufrecht<\/li>\n\n\n\n<li>Rechte und Pflichten von Handelsvertretern&nbsp;<\/li>\n\n\n\n<li>Gew\u00e4hrleistungsrechte<\/li>\n\n\n\n<li>Produktsicherheit und Produkthaftung (insbesondere beim Maschinenbau und Anlagenbau)<\/li>\n\n\n\n<li>Wettbewerbsrecht, Kartellrecht<\/li>\n\n\n\n<li>Gesch\u00e4ftsgeheimnisschutz<\/li>\n<\/ul>\n\n\n\n<h5 class=\"wp-block-heading\">Insolvenzrecht (ohne Beratung zu Privatinsolvenzen)<\/h5>\n\n\n\n<ul class=\"wp-block-list\">\n<li>Insolvenzverschleppung\u00a0<\/li>\n\n\n\n<li>Insolvenzantragsverfahren und Insolvenzverfahren<\/li>\n\n\n\n<li>Wahrnehmung der Rechte von Lieferanten\u00a0<\/li>\n\n\n\n<li>Insolvenzanfechtung\u00a0<\/li>\n\n\n\n<li>Geltendmachung von Arbeitnehmerrechten in der Insolvenz\u00a0<\/li>\n\n\n\n<li>Gesch\u00e4ftsf\u00fchrerhaftung<\/li>\n<\/ul>\n\n\n\n<p><\/p>\n\n\n\n<h4 class=\"wp-block-heading\">Berufliche Stationen<\/h4>\n\n\n\n<ul class=\"wp-block-list\">\n<li>Wissenschaftliche Mitarbeiterin am Lehrstuhl f\u00fcr \u00d6ffentliches Wirtschaftsrecht der Westf\u00e4lischen Wilhelms-Universit\u00e4t M\u00fcnster&nbsp;<\/li>\n\n\n\n<li>Zweite juristische Staatspr\u00fcfung und Zulassung als Rechtsanw\u00e4ltin 2013<\/li>\n\n\n\n<li>Rechtsanw\u00e4ltin in der Soziet\u00e4t Streitb\u00f6rger PartGmbB in Bielefeld und Hamm \/ M\u00fcnster<\/li>\n\n\n\n<li>Erwerb der besonderen theoretischen Kenntnisse f\u00fcr den Fachanwalt f\u00fcr Arbeitsrecht (2014) und f\u00fcr den Fachanwalt f\u00fcr Handels- und Gesellschaftsrecht (2015)<\/li>\n\n\n\n<li>Selbst\u00e4ndige Rechtsanw\u00e4ltin in Bielefeld seit 2020&nbsp;<\/li>\n<\/ul>\n\n\n\n<h4 class=\"wp-block-heading\">Externe Links und Mitgliedschaften<\/h4>\n\n\n\n<ul class=\"wp-block-list\">\n<li><a href=\"https:\/\/anwaltauskunft.de\/anwaltssuche\/sonja-mueller-planitz-6lb0v\">Deutscher Anwaltverein<\/a> &#8211; Arbeitsgemeinschaft Arbeitsrecht des Deutschen Anwaltvereins<\/li>\n\n\n\n<li><a href=\"https:\/\/www.anwalt.de\/sonja-mueller-planitz\">Bewertungen<\/a><\/li>\n<\/ul>\n\n\n\n<p><\/p>\n\n\n\n<p><\/p>\n\n\n\n<p><\/p>\n","protected":false},"excerpt":{"rendered":"<p>Es ist mir ein besonderes Anliegen, die Interessen meiner Mandanten gewissenhaft und engagiert wahrzunehmen. Dabei kann ich auf eine langj\u00e4hrige Erfahrung in der Beratung von Kaufleuten, mittelst\u00e4ndischen Unternehmen, Arbeitnehmern und Arbeitgebern, Betriebsr\u00e4ten, Gesch\u00e4ftsf\u00fchrern, Handelsvertretern und Versicherungsvertretern zur\u00fcckgreifen. Meine durch st\u00e4ndige Fachanwaltsfortbildungen vertieften Kenntnisse im Arbeitsrecht, Handelsrecht und Gesellschaftsrecht setze ich bei der gerichtlichen und au\u00dfergerichtlichen [&hellip;]<\/p>\n","protected":false},"author":1,"featured_media":0,"parent":0,"menu_order":1,"comment_status":"closed","ping_status":"open","template":"","meta":{"footnotes":""},"class_list":["post-2","page","type-page","status-publish","hentry"],"blocksy_meta":{"styles_descriptor":{"styles":{"desktop":"","tablet":"","mobile":""},"google_fonts":[],"version":6}},"_links":{"self":[{"href":"https:\/\/kanzlei-mueller-planitz.de\/index.php?rest_route=\/wp\/v2\/pages\/2","targetHints":{"allow":["GET"]}}],"collection":[{"href":"https:\/\/kanzlei-mueller-planitz.de\/index.php?rest_route=\/wp\/v2\/pages"}],"about":[{"href":"https:\/\/kanzlei-mueller-planitz.de\/index.php?rest_route=\/wp\/v2\/types\/page"}],"author":[{"embeddable":true,"href":"https:\/\/kanzlei-mueller-planitz.de\/index.php?rest_route=\/wp\/v2\/users\/1"}],"replies":[{"embeddable":true,"href":"https:\/\/kanzlei-mueller-planitz.de\/index.php?rest_route=%2Fwp%2Fv2%2Fcomments&post=2"}],"version-history":[{"count":36,"href":"https:\/\/kanzlei-mueller-planitz.de\/index.php?rest_route=\/wp\/v2\/pages\/2\/revisions"}],"predecessor-version":[{"id":83,"href":"https:\/\/kanzlei-mueller-planitz.de\/index.php?rest_route=\/wp\/v2\/pages\/2\/revisions\/83"}],"wp:attachment":[{"href":"https:\/\/kanzlei-mueller-planitz.de\/index.php?rest_route=%2Fwp%2Fv2%2Fmedia&parent=2"}],"curies":[{"name":"wp","href":"https:\/\/api.w.org\/{rel}","templated":true}]}}