{"id":42,"date":"2025-08-16T15:41:55","date_gmt":"2025-08-16T15:41:55","guid":{"rendered":"http:\/\/kanzlei-mueller-planitz.de\/?page_id=42"},"modified":"2025-08-16T17:07:13","modified_gmt":"2025-08-16T17:07:13","slug":"impressum","status":"publish","type":"page","link":"https:\/\/kanzlei-mueller-planitz.de\/?page_id=42","title":{"rendered":"Impressum"},"content":{"rendered":"\n<h4 class=\"wp-block-heading\">Informationspflichten gem\u00e4\u00df \u00a7 2 Abs. 1 DL-InfoV und \u00a7 5 DDG:<\/h4>\n\n\n\n<p>Sonja M\u00fcller-Planitz<br>Rechtsanw\u00e4ltin<br>Welle 8, 33602 Bielefeld&nbsp;<br>Telefon: +49- (0)521- 44814740<br>Telefax: +49 (0)521- 9665651<br>E-Mail: kanzlei(at)mueller-planitz.de<strong><br><\/strong>USt-ID.: DE325685813<br>Vertreten durch: Sonja M\u00fcller-Planitz (Inhaberin)<\/p>\n\n\n\n<hr class=\"wp-block-separator has-alpha-channel-opacity\"\/>\n\n\n\n<p>Berufsbezeichnung: \u201cRechtsanw\u00e4ltin\u201d&nbsp;<br>Verliehen in: Deutschland<br><strong><br>Die Rechtsanw\u00e4ltin ist Mitglied der&nbsp;<\/strong><strong>z<\/strong><strong>ust\u00e4ndigen Kammer:&nbsp;<\/strong><br>Rechtsanwaltskammer Hamm, Ostenallee 18, 59063 Hamm<br>Telefon: (02381) 98 50 00<br>Fax: (02381) 98 50 50<br>E-Mail:&nbsp;<strong><a target=\"_blank\" rel=\"noreferrer noopener\"><\/a><a target=\"_blank\" rel=\"noreferrer noopener\">info(at)rak-hamm.de<\/a><br><\/strong>Internet:&nbsp;<a href=\"http:\/\/www.rak-hamm.de\/\" rel=\"noreferrer noopener\" target=\"_blank\">www.rak-hamm.de<\/a><\/p>\n\n\n\n<p><strong>Anzuwendende berufsrechtliche Regelungen f\u00fcr Rechtsanw\u00e4lte:<\/strong><\/p>\n\n\n\n<ul class=\"wp-block-list\">\n<li>Bundesrechtsanwaltsordnung (BRAO)<\/li>\n\n\n\n<li>Rechtsanwaltsverg\u00fctungsgesetz (RVG)<\/li>\n\n\n\n<li>Berufsordnung f\u00fcr Rechtsanw\u00e4lte (BORA)<\/li>\n\n\n\n<li>Fachanwaltsordnung (FAO)<\/li>\n\n\n\n<li>Berufsregeln der Rechtsanw\u00e4lte der Europ\u00e4ischen Gemeinschaft (CCBE)<\/li>\n\n\n\n<li>Gesetz \u00fcber die T\u00e4tigkeit europ\u00e4ischer Rechtsanw\u00e4lte in Deutschland (EuRAG)<\/li>\n<\/ul>\n\n\n\n<p>Die aktuellen Fassungen der Gesetze finden Sie unter: https:\/\/brak.de\/fuer-anwaelte\/berufsrecht\/.<br>Die Wahrnehmung widerstreitender Interessen ist Rechtsanw\u00e4lten\/Rechtsanw\u00e4ltinnen aufgrund berufsrechtlicher Regelungen (\u00a7 43a Abs. 4 BRAO) untersagt. Vor Annahme eines Mandates wird deshalb immer gepr\u00fcft, ob ein Interessenkonflikt vorliegt.<\/p>\n\n\n\n<p><strong>Angaben zur Berufshaftpflichtversicherung<\/strong><br>Allianz Versicherungs-AG<br>10900 Berlin<\/p>\n\n\n\n<p>Geltungsraum der Versicherung:<br>Deutschland, Europ\u00e4isches Ausland<\/p>\n\n\n\n<p><strong>Redaktionell verantwortlich<\/strong><strong><br><\/strong>Sonja M\u00fcller-Planitz<br>Welle 8<br>33602 Bielefeld<\/p>\n\n\n\n<p>Meine E-Mail-Adresse finden Sie oben im Impressum.<\/p>\n\n\n\n<p><strong>Verbraucherstreit\u00adbeilegung\/ \u00adUniversalschlichtungs\u00adstelle<\/strong><strong><br><\/strong>Ich bin nicht bereit oder verpflichtet, an Streitbeilegungsverfahren vor einer Verbraucherschlichtungsstelle teilzunehmen.<\/p>\n\n\n\n<hr class=\"wp-block-separator has-alpha-channel-opacity\"\/>\n\n\n\n<p><\/p>\n","protected":false},"excerpt":{"rendered":"<p>Informationspflichten gem\u00e4\u00df \u00a7 2 Abs. 1 DL-InfoV und \u00a7 5 DDG: Sonja M\u00fcller-PlanitzRechtsanw\u00e4ltinWelle 8, 33602 Bielefeld&nbsp;Telefon: +49- (0)521- 44814740Telefax: +49 (0)521- 9665651E-Mail: kanzlei(at)mueller-planitz.deUSt-ID.: DE325685813Vertreten durch: Sonja M\u00fcller-Planitz (Inhaberin) Berufsbezeichnung: \u201cRechtsanw\u00e4ltin\u201d&nbsp;Verliehen in: DeutschlandDie Rechtsanw\u00e4ltin ist Mitglied der&nbsp;zust\u00e4ndigen Kammer:&nbsp;Rechtsanwaltskammer Hamm, Ostenallee 18, 59063 HammTelefon: (02381) 98 50 00Fax: (02381) 98 50 50E-Mail:&nbsp;info(at)rak-hamm.deInternet:&nbsp;www.rak-hamm.de Anzuwendende berufsrechtliche Regelungen f\u00fcr Rechtsanw\u00e4lte: [&hellip;]<\/p>\n","protected":false},"author":1,"featured_media":0,"parent":0,"menu_order":3,"comment_status":"closed","ping_status":"closed","template":"","meta":{"footnotes":""},"class_list":["post-42","page","type-page","status-publish","hentry"],"blocksy_meta":[],"_links":{"self":[{"href":"https:\/\/kanzlei-mueller-planitz.de\/index.php?rest_route=\/wp\/v2\/pages\/42","targetHints":{"allow":["GET"]}}],"collection":[{"href":"https:\/\/kanzlei-mueller-planitz.de\/index.php?rest_route=\/wp\/v2\/pages"}],"about":[{"href":"https:\/\/kanzlei-mueller-planitz.de\/index.php?rest_route=\/wp\/v2\/types\/page"}],"author":[{"embeddable":true,"href":"https:\/\/kanzlei-mueller-planitz.de\/index.php?rest_route=\/wp\/v2\/users\/1"}],"replies":[{"embeddable":true,"href":"https:\/\/kanzlei-mueller-planitz.de\/index.php?rest_route=%2Fwp%2Fv2%2Fcomments&post=42"}],"version-history":[{"count":3,"href":"https:\/\/kanzlei-mueller-planitz.de\/index.php?rest_route=\/wp\/v2\/pages\/42\/revisions"}],"predecessor-version":[{"id":57,"href":"https:\/\/kanzlei-mueller-planitz.de\/index.php?rest_route=\/wp\/v2\/pages\/42\/revisions\/57"}],"wp:attachment":[{"href":"https:\/\/kanzlei-mueller-planitz.de\/index.php?rest_route=%2Fwp%2Fv2%2Fmedia&parent=42"}],"curies":[{"name":"wp","href":"https:\/\/api.w.org\/{rel}","templated":true}]}}