{"id":56,"date":"2025-08-16T16:15:03","date_gmt":"2025-08-16T16:15:03","guid":{"rendered":"http:\/\/kanzlei-mueller-planitz.de\/?page_id=56"},"modified":"2025-08-16T17:18:40","modified_gmt":"2025-08-16T17:18:40","slug":"datenschutz","status":"publish","type":"page","link":"https:\/\/kanzlei-mueller-planitz.de\/?page_id=56","title":{"rendered":"Datenschutz"},"content":{"rendered":"\n<p>Diese Hinweise gelten f\u00fcr die Datenverarbeitung durch:&nbsp;<br>Rechtsanwaltskanzlei M\u00fcller-Planitz, Welle 8, 33602 Bielefeld<\/p>\n\n\n\n<p><strong>1. Verantwortliche: \u00a0 \u00a0 \u00a0 \u00a0\u00a0<\/strong>Sonja M\u00fcller-Planitz,\u00a0Welle 8, 33602 Bielefeld<br>E-Mail: kanzlei(at)mueller-planitz.de, Telefon: +49 (0)521 44814740, Fax: +49 (0)521 9665651.<\/p>\n\n\n\n<p><strong>2. Erhebung und Speicherung personenbezogener Daten sowie Art und Zweck und deren Verwendung<\/strong><br>Wenn Sie mich mandatieren, erhebe ich folgende Informationen:<\/p>\n\n\n\n<ul class=\"wp-block-list\">\n<li>Anrede, Vorname, Nachname, Anschrift, g\u00fcltige E-Mail-Adresse, Telefonnummer (Festnetz und\/oder Mobilfunk), ggf. Faxnummer<\/li>\n\n\n\n<li>Informationen, die f\u00fcr die Geltendmachung und Verteidigung Ihrer Rechte im Rahmen des Mandats notwendig sind<\/li>\n<\/ul>\n\n\n\n<p>Die Erhebung und weitere Verarbeitung dieser Daten erfolgt,<\/p>\n\n\n\n<ul class=\"wp-block-list\">\n<li>um Sie als meinen Mandanten identifizieren zu k\u00f6nnen;<\/li>\n\n\n\n<li>um Sie angemessen anwaltlich beraten und vertreten zu k\u00f6nnen;<\/li>\n\n\n\n<li>zur Korrespondenz mit Ihnen;<\/li>\n\n\n\n<li>zur Rechnungsstellung;<\/li>\n\n\n\n<li>zur Abwicklung von evtl. vorliegenden Haftungsanspr\u00fcchen sowie der Geltendmachung etwaiger Anspr\u00fcche gegen Sie.<\/li>\n<\/ul>\n\n\n\n<p>Die Datenverarbeitung erfolgt insoweit auf Ihre Anfrage hin und ist nach Art. 6 Abs. 1 S. 1 lit. b DSGVO zu den genannten Zwecken f\u00fcr die angemessene Bearbeitung des Mandats und f\u00fcr die beidseitige Erf\u00fcllung von Verpflichtungen aus dem Mandatsvertrag erforderlich.&nbsp;<\/p>\n\n\n\n<p>Dar\u00fcber hinaus erfolgt die Verarbeitung dieser Daten im erforderlichen Umfang<\/p>\n\n\n\n<ul class=\"wp-block-list\">\n<li>zur Erf\u00fcllung gesetzlicher Mitteilungspflichten (z.B. gegen\u00fcber Finanzbeh\u00f6rden oder Strafverfolgungsbeh\u00f6rden) oder gerichtlicher Anordnungen;<\/li>\n\n\n\n<li>zur Wahrnehmung berechtigter Interessen von mir oder von Dritten (Art. 6 Abs. 1f DSGVO) wie z.B. der Gew\u00e4hrleistung der IT-Sicherheit und des IT-Betriebs oder der Geltendmachung \/ Aus\u00fcbung \/ Verteidigung von Rechtsanspr\u00fcchen, soweit kein Grund zu der Annahme besteht, dass Sie ein \u00fcberwiegendes schutzw\u00fcrdiges Interesse an der Nichtverwendung Ihrer Daten haben.<\/li>\n<\/ul>\n\n\n\n<p>Sollte ich Ihre personenbezogenen Daten f\u00fcr einen vorstehend noch nicht genannten Zweck verarbeiten wollen, werde ich Sie im Rahmen der gesetzlichen Bestimmungen dar\u00fcber zuvor informieren.<\/p>\n\n\n\n<p><strong>3. &nbsp;Dauer der Datenspeicherung<\/strong><br>Ich l\u00f6sche Ihre personenbezogenen Daten, sobald sie f\u00fcr die oben genannten Zwecke nicht mehr erforderlich sind, fr\u00fchestens jedoch nach Ablauf der gesetzlichen Aufbewahrungspflicht f\u00fcr Anw\u00e4lte (derzeit 6 Jahre nach Ablauf des Kalenderjahres, in dem das Mandat beendet wurde) oder sonstiger gesetzlicher Aufbewahrungs- und Dokumentationspflichten (z.B. aus HGB, StGB, GwG oder AO). Die Speicherfristen betragen danach bis zu zehn Jahre. Dar\u00fcber hinaus speichere ich personenbezogene Daten f\u00fcr die Zeit, in der Anspr\u00fcche gegen mich, von mir angestellte oder unterbevollm\u00e4chtigte Rechtsanw\u00e4lte \/ Rechtsanw\u00e4ltinnen oder Mitarbeiter geltend gemacht werden k\u00f6nnen (gesetzliche Verj\u00e4hrungsfrist von bis zu 10 Jahren) oder Sie in eine dar\u00fcber hinausgehende Speicherung nach Art. 6 Abs. 1 S. 1 lit. a DSGVO eingewilligt haben.<\/p>\n\n\n\n<p><strong>4. Weitergabe von Daten an Dritte<\/strong><br>Eine \u00dcbermittlung Ihrer pers\u00f6nlichen Daten an Dritte zu anderen als den im Folgenden aufgef\u00fchrten Zwecken findet nicht statt.<br>Soweit dies nach Art. 6 Abs. 1 S. 1 lit. b DSGVO f\u00fcr die Abwicklung von Mandatsverh\u00e4ltnissen mit Ihnen erforderlich ist, werden Ihre personenbezogenen Daten an Dritte weitergegeben. Hierzu geh\u00f6rt insbesondere die Weitergabe an Verfahrensgegner und deren Vertreter (insbesondere deren Rechtsanw\u00e4lte) sowie Gerichte und andere \u00f6ffentliche Beh\u00f6rden zum Zwecke der Korrespondenz sowie zur Geltendmachung und Verteidigung Ihrer Rechte. Die weitergegebenen Daten d\u00fcrfen von dem Dritten ausschlie\u00dflich zu den genannten Zwecken verwendet werden. Soweit im Rahmen der Leistungserbringung von mir externe Dienstleister eingesetzt werden, erfolgt deren Zugriff auf die Daten ausschlie\u00dflich zum Zwecke der Leistungserbringung. Durch technische und organisatorische Ma\u00dfnahmen stelle ich die Einhaltung der datenschutzrechtlichen Vorgaben sicher und verpflichte auch externe Dienstleister hierauf. Dar\u00fcber hinaus werden Daten an Dritte nur mit Ihrer Einwilligung oder in den F\u00e4llen weitergegeben, in denen dies zur Erf\u00fcllung gesetzlicher Mitteilungspflichten (Art. 6 Abs. 1 S. 1 lit. c DSGVO) oder unter den Voraussetzungen des Art. 6 Abs. 1 S. 1 lit. f) DSGVO f\u00fcr die Wahrung berechtigter Interessen der Verantwortlichen oder eines Dritten erforderlich ist und Ihre schutzw\u00fcrdigen Interessen an der Nichtweitergabe Ihrer personenbezogenen Daten im Einzelfall \u00fcberwiegen. Das Anwaltsgeheimnis bleibt unber\u00fchrt.&nbsp;<\/p>\n\n\n\n<p><strong>5. Betroffenenrechte<\/strong><br>Sie haben das Recht:<\/p>\n\n\n\n<ul class=\"wp-block-list\">\n<li>gem\u00e4\u00df Art. 7 Abs. 3 DSGVO Ihre einmal erteilte Einwilligung jederzeit gegen\u00fcber mir zu widerrufen. Dies hat zur Folge, dass ich eine Datenverarbeitung, die allein auf dieser Einwilligung beruhte, f\u00fcr die Zukunft nicht mehr fortf\u00fchren darf;&nbsp;<\/li>\n\n\n\n<li>gem\u00e4\u00df Art.&nbsp;15 DSGVO Auskunft \u00fcber Ihre von mir verarbeiteten personenbezogenen Daten zu verlangen. Insbesondere k\u00f6nnen Sie Auskunft \u00fcber die Verarbeitungszwecke, die Kategorie der personenbezogenen Daten, die Kategorien von Empf\u00e4ngern, gegen\u00fcber denen Ihre Daten offengelegt wurden oder werden, die geplante Speicherdauer, das Bestehen eines Rechts auf Berichtigung, L\u00f6schung, Einschr\u00e4nkung der Verarbeitung oder Widerspruch, das Bestehen eines Beschwerderechts, die Herkunft ihrer Daten, sofern diese nicht bei uns erhoben wurden, sowie \u00fcber das Bestehen einer automatisierten Entscheidungsfindung einschlie\u00dflich Profiling und ggf. aussagekr\u00e4ftigen Informationen zu deren Einzelheiten verlangen;<\/li>\n\n\n\n<li>gem\u00e4\u00df Art.&nbsp;16 DSGVO unverz\u00fcglich die Berichtigung unrichtiger oder Vervollst\u00e4ndigung Ihrer bei mir gespeicherten personenbezogenen Daten zu verlangen;<\/li>\n\n\n\n<li>gem\u00e4\u00df Art.&nbsp;17 DSGVO die L\u00f6schung Ihrer bei mir gespeicherten personenbezogenen Daten verlangen, soweit nicht die Verarbeitung zur Aus\u00fcbung des Rechts auf freie Meinungs\u00e4u\u00dferung und Information, zur Erf\u00fcllung einer rechtlichen Verpflichtung, aus Gr\u00fcnden des \u00f6ffentlichen Interesses oder zur Geltendmachung, Aus\u00fcbung oder Verteidigung von Rechtsanspr\u00fcchen erforderlich ist;<\/li>\n\n\n\n<li>gem\u00e4\u00df Art.&nbsp;18 DSGVO die Einschr\u00e4nkung der Verarbeitung Ihrer personenbezogenen Daten zu verlangen, soweit die Richtigkeit der Daten von Ihnen bestritten wird, die Verarbeitung unrechtm\u00e4\u00dfig ist, Sie aber deren L\u00f6schung ablehnen und ich die Daten nicht mehr ben\u00f6tige, Sie jedoch diese zur Geltendmachung, Aus\u00fcbung oder Verteidigung von Rechtsanspr\u00fcchen ben\u00f6tigen oder Sie gem\u00e4\u00df Art.&nbsp;21 DSGVO Widerspruch gegen die Verarbeitung eingelegt haben;<\/li>\n\n\n\n<li>gem\u00e4\u00df Art.&nbsp;20 DSGVO Ihre personenbezogenen Daten, die Sie mir bereitgestellt haben, in einem strukturierten, g\u00e4ngigen und maschinenlesbaren Format zu erhalten oder die \u00dcbermittlung an einen anderen Verantwortlichen zu verlangen und<\/li>\n\n\n\n<li>gem\u00e4\u00df Art.&nbsp;77 DSGVO sich bei einer Aufsichtsbeh\u00f6rde zu beschweren. In der Regel k\u00f6nnen Sie sich hierf\u00fcr an die Aufsichtsbeh\u00f6rde Ihres \u00fcblichen Aufenthaltsortes oder Arbeitsplatzes oder meines Kanzleisitzes wenden.<\/li>\n<\/ul>\n\n\n\n<p><strong>6. Widerspruchsrecht<\/strong><br>Sofern Ihre personenbezogenen Daten auf Grundlage von berechtigten Interessen gem\u00e4\u00df Art. 6 Abs. 1 S. 1 lit. f DSGVO verarbeitet werden, haben Sie das Recht, gem\u00e4\u00df Art. 21 DSGVO Widerspruch gegen die Verarbeitung Ihrer personenbezogenen Daten einzulegen, soweit daf\u00fcr Gr\u00fcnde vorliegen, die sich aus Ihrer besonderen Situation ergeben. M\u00f6chten Sie von Ihrem Widerspruchsrecht Gebrauch machen, gen\u00fcgt eine E-Mail an kanzlei(at)mueller-planitz.de.<\/p>\n","protected":false},"excerpt":{"rendered":"<p>Diese Hinweise gelten f\u00fcr die Datenverarbeitung durch:&nbsp;Rechtsanwaltskanzlei M\u00fcller-Planitz, Welle 8, 33602 Bielefeld 1. Verantwortliche: \u00a0 \u00a0 \u00a0 \u00a0\u00a0Sonja M\u00fcller-Planitz,\u00a0Welle 8, 33602 BielefeldE-Mail: kanzlei(at)mueller-planitz.de, Telefon: +49 (0)521 44814740, Fax: +49 (0)521 9665651. 2. Erhebung und Speicherung personenbezogener Daten sowie Art und Zweck und deren VerwendungWenn Sie mich mandatieren, erhebe ich folgende Informationen: Die Erhebung und weitere [&hellip;]<\/p>\n","protected":false},"author":1,"featured_media":0,"parent":0,"menu_order":4,"comment_status":"closed","ping_status":"closed","template":"","meta":{"footnotes":""},"class_list":["post-56","page","type-page","status-publish","hentry"],"blocksy_meta":[],"_links":{"self":[{"href":"https:\/\/kanzlei-mueller-planitz.de\/index.php?rest_route=\/wp\/v2\/pages\/56","targetHints":{"allow":["GET"]}}],"collection":[{"href":"https:\/\/kanzlei-mueller-planitz.de\/index.php?rest_route=\/wp\/v2\/pages"}],"about":[{"href":"https:\/\/kanzlei-mueller-planitz.de\/index.php?rest_route=\/wp\/v2\/types\/page"}],"author":[{"embeddable":true,"href":"https:\/\/kanzlei-mueller-planitz.de\/index.php?rest_route=\/wp\/v2\/users\/1"}],"replies":[{"embeddable":true,"href":"https:\/\/kanzlei-mueller-planitz.de\/index.php?rest_route=%2Fwp%2Fv2%2Fcomments&post=56"}],"version-history":[{"count":3,"href":"https:\/\/kanzlei-mueller-planitz.de\/index.php?rest_route=\/wp\/v2\/pages\/56\/revisions"}],"predecessor-version":[{"id":80,"href":"https:\/\/kanzlei-mueller-planitz.de\/index.php?rest_route=\/wp\/v2\/pages\/56\/revisions\/80"}],"wp:attachment":[{"href":"https:\/\/kanzlei-mueller-planitz.de\/index.php?rest_route=%2Fwp%2Fv2%2Fmedia&parent=56"}],"curies":[{"name":"wp","href":"https:\/\/api.w.org\/{rel}","templated":true}]}}